{"id":7817,"date":"2022-07-18T09:56:57","date_gmt":"2022-07-18T09:56:57","guid":{"rendered":"https:\/\/kodesolution.com\/2022\/bilton\/?post_type=product&amp;p=7817"},"modified":"2022-07-18T09:56:57","modified_gmt":"2022-07-18T09:56:57","slug":"clue-of-the-thirteenth-tuba","status":"publish","type":"product","link":"https:\/\/muso-logistic.eu\/sk\/produkt\/clue-of-the-thirteenth-tuba\/","title":{"rendered":"Stopa trin\u00e1stej tuby"},"content":{"rendered":"<p>Pellentesque habitant morbi tristique senectus et netus et malesuada fames ac turpis egestas. Vestibulum tortor quam, feugiat vitae, ultricies eget, tempor sit amet, ante. Donec eu libero sit amet quam egestas semper. Aenean ultricies mi vitae est. Mauris placerat eleifend leo.<\/p>","protected":false},"excerpt":{"rendered":"<p>Pellentesque habitant morbi tristique senectus et netus et malesuada fames ac turpis egestas. Vestibulum tortor quam, feugiat vitae, ultricies eget, tempor sit amet, ante. Donec eu libero sit amet quam egestas semper. Aenean ultricies mi vitae est. Mauris placerat eleifend leo.<\/p>\n<p><strong>Ve\u013ekos\u0165 a prisp\u00f4sobenie<\/strong><br \/>\nModel (v\u00fd\u0161ka 6') je pre v\u00e1s ide\u00e1lny<\/p>\n<p><strong>Materi\u00e1l a starostlivos\u0165<\/strong><br \/>\n100% Origin\u00e1lny<br \/>\nPranie v pr\u00e1\u010dke<\/p>","protected":false},"featured_media":13744,"comment_status":"open","ping_status":"closed","template":"","meta":{"_monsterinsights_skip_tracking":false,"_monsterinsights_sitenote_active":false,"_monsterinsights_sitenote_note":"","_monsterinsights_sitenote_category":0},"product_cat":[37],"product_tag":[],"yoast_head":"<!-- This site is optimized with the Yoast SEO plugin v22.8 - https:\/\/yoast.com\/wordpress\/plugins\/seo\/ -->\n<title>Clue of the Thirteenth Tuba - MUSO LOGISTIC<\/title>\n<meta name=\"robots\" content=\"index, follow, max-snippet:-1, max-image-preview:large, max-video-preview:-1\" \/>\n<link rel=\"canonical\" href=\"https:\/\/muso-logistic.eu\/sk\/produkt\/clue-of-the-thirteenth-tuba\/\" \/>\n<meta property=\"og:locale\" content=\"sk_SK\" \/>\n<meta property=\"og:type\" content=\"article\" \/>\n<meta property=\"og:title\" content=\"Clue of the Thirteenth Tuba - MUSO LOGISTIC\" \/>\n<meta property=\"og:description\" content=\"Pellentesque habitant morbi tristique senectus et netus et malesuada fames ac turpis egestas. Vestibulum tortor quam, feugiat vitae, ultricies eget, tempor sit amet, ante. Donec eu libero sit amet quam egestas semper. Aenean ultricies mi vitae est. Mauris placerat eleifend leo. Size &amp; Fit The model (height 6\u2032) is perfect for you Material &amp; Care 100% Genuine Machine-wash\" \/>\n<meta property=\"og:url\" content=\"https:\/\/muso-logistic.eu\/sk\/produkt\/clue-of-the-thirteenth-tuba\/\" \/>\n<meta property=\"og:site_name\" content=\"MUSO LOGISTIC\" \/>\n<meta property=\"og:image\" content=\"https:\/\/muso-logistic.eu\/wp-content\/uploads\/2022\/08\/p4.jpg\" \/>\n\t<meta property=\"og:image:width\" content=\"600\" \/>\n\t<meta property=\"og:image:height\" content=\"600\" \/>\n\t<meta property=\"og:image:type\" content=\"image\/jpeg\" \/>\n<meta name=\"twitter:card\" content=\"summary_large_image\" \/>\n<script type=\"application\/ld+json\" class=\"yoast-schema-graph\">{\"@context\":\"https:\/\/schema.org\",\"@graph\":[{\"@type\":\"WebPage\",\"@id\":\"https:\/\/muso-logistic.eu\/product\/clue-of-the-thirteenth-tuba\/\",\"url\":\"https:\/\/muso-logistic.eu\/product\/clue-of-the-thirteenth-tuba\/\",\"name\":\"Clue of the Thirteenth Tuba - MUSO LOGISTIC\",\"isPartOf\":{\"@id\":\"https:\/\/muso-logistic.eu\/#website\"},\"primaryImageOfPage\":{\"@id\":\"https:\/\/muso-logistic.eu\/product\/clue-of-the-thirteenth-tuba\/#primaryimage\"},\"image\":{\"@id\":\"https:\/\/muso-logistic.eu\/product\/clue-of-the-thirteenth-tuba\/#primaryimage\"},\"thumbnailUrl\":\"https:\/\/muso-logistic.eu\/wp-content\/uploads\/2022\/08\/p4.jpg\",\"datePublished\":\"2022-07-18T09:56:57+00:00\",\"dateModified\":\"2022-07-18T09:56:57+00:00\",\"breadcrumb\":{\"@id\":\"https:\/\/muso-logistic.eu\/product\/clue-of-the-thirteenth-tuba\/#breadcrumb\"},\"inLanguage\":\"sk-SK\",\"potentialAction\":[{\"@type\":\"ReadAction\",\"target\":[\"https:\/\/muso-logistic.eu\/product\/clue-of-the-thirteenth-tuba\/\"]}]},{\"@type\":\"ImageObject\",\"inLanguage\":\"sk-SK\",\"@id\":\"https:\/\/muso-logistic.eu\/product\/clue-of-the-thirteenth-tuba\/#primaryimage\",\"url\":\"https:\/\/muso-logistic.eu\/wp-content\/uploads\/2022\/08\/p4.jpg\",\"contentUrl\":\"https:\/\/muso-logistic.eu\/wp-content\/uploads\/2022\/08\/p4.jpg\",\"width\":600,\"height\":600},{\"@type\":\"BreadcrumbList\",\"@id\":\"https:\/\/muso-logistic.eu\/product\/clue-of-the-thirteenth-tuba\/#breadcrumb\",\"itemListElement\":[{\"@type\":\"ListItem\",\"position\":1,\"name\":\"Home\",\"item\":\"https:\/\/muso-logistic.eu\/\"},{\"@type\":\"ListItem\",\"position\":2,\"name\":\"Produkty\",\"item\":\"https:\/\/muso-logistic.eu\/shop\/\"},{\"@type\":\"ListItem\",\"position\":3,\"name\":\"Clue of the Thirteenth Tuba\"}]},{\"@type\":\"WebSite\",\"@id\":\"https:\/\/muso-logistic.eu\/#website\",\"url\":\"https:\/\/muso-logistic.eu\/\",\"name\":\"MUSO LOGISTIC\",\"description\":\"International transport &amp; spedition\",\"publisher\":{\"@id\":\"https:\/\/muso-logistic.eu\/#organization\"},\"potentialAction\":[{\"@type\":\"SearchAction\",\"target\":{\"@type\":\"EntryPoint\",\"urlTemplate\":\"https:\/\/muso-logistic.eu\/?s={search_term_string}\"},\"query-input\":\"required name=search_term_string\"}],\"inLanguage\":\"sk-SK\"},{\"@type\":\"Organization\",\"@id\":\"https:\/\/muso-logistic.eu\/#organization\",\"name\":\"MUSO LOGISTIC\",\"url\":\"https:\/\/muso-logistic.eu\/\",\"logo\":{\"@type\":\"ImageObject\",\"inLanguage\":\"sk-SK\",\"@id\":\"https:\/\/muso-logistic.eu\/#\/schema\/logo\/image\/\",\"url\":\"https:\/\/muso-logistic.eu\/wp-content\/uploads\/2023\/07\/musologo_png_logo_EMBLEM.png\",\"contentUrl\":\"https:\/\/muso-logistic.eu\/wp-content\/uploads\/2023\/07\/musologo_png_logo_EMBLEM.png\",\"width\":2148,\"height\":2117,\"caption\":\"MUSO LOGISTIC\"},\"image\":{\"@id\":\"https:\/\/muso-logistic.eu\/#\/schema\/logo\/image\/\"}}]}<\/script>\n<!-- \/ Yoast SEO plugin. -->","yoast_head_json":{"title":"Clue of the Thirteenth Tuba - MUSO LOGISTIC","robots":{"index":"index","follow":"follow","max-snippet":"max-snippet:-1","max-image-preview":"max-image-preview:large","max-video-preview":"max-video-preview:-1"},"canonical":"https:\/\/muso-logistic.eu\/sk\/produkt\/clue-of-the-thirteenth-tuba\/","og_locale":"sk_SK","og_type":"article","og_title":"Clue of the Thirteenth Tuba - MUSO LOGISTIC","og_description":"Pellentesque habitant morbi tristique senectus et netus et malesuada fames ac turpis egestas. Vestibulum tortor quam, feugiat vitae, ultricies eget, tempor sit amet, ante. Donec eu libero sit amet quam egestas semper. Aenean ultricies mi vitae est. Mauris placerat eleifend leo. Size &amp; Fit The model (height 6\u2032) is perfect for you Material &amp; Care 100% Genuine Machine-wash","og_url":"https:\/\/muso-logistic.eu\/sk\/produkt\/clue-of-the-thirteenth-tuba\/","og_site_name":"MUSO LOGISTIC","og_image":[{"width":600,"height":600,"url":"https:\/\/muso-logistic.eu\/wp-content\/uploads\/2022\/08\/p4.jpg","type":"image\/jpeg"}],"twitter_card":"summary_large_image","schema":{"@context":"https:\/\/schema.org","@graph":[{"@type":"WebPage","@id":"https:\/\/muso-logistic.eu\/product\/clue-of-the-thirteenth-tuba\/","url":"https:\/\/muso-logistic.eu\/product\/clue-of-the-thirteenth-tuba\/","name":"Clue of the Thirteenth Tuba - MUSO LOGISTIC","isPartOf":{"@id":"https:\/\/muso-logistic.eu\/#website"},"primaryImageOfPage":{"@id":"https:\/\/muso-logistic.eu\/product\/clue-of-the-thirteenth-tuba\/#primaryimage"},"image":{"@id":"https:\/\/muso-logistic.eu\/product\/clue-of-the-thirteenth-tuba\/#primaryimage"},"thumbnailUrl":"https:\/\/muso-logistic.eu\/wp-content\/uploads\/2022\/08\/p4.jpg","datePublished":"2022-07-18T09:56:57+00:00","dateModified":"2022-07-18T09:56:57+00:00","breadcrumb":{"@id":"https:\/\/muso-logistic.eu\/product\/clue-of-the-thirteenth-tuba\/#breadcrumb"},"inLanguage":"sk-SK","potentialAction":[{"@type":"ReadAction","target":["https:\/\/muso-logistic.eu\/product\/clue-of-the-thirteenth-tuba\/"]}]},{"@type":"ImageObject","inLanguage":"sk-SK","@id":"https:\/\/muso-logistic.eu\/product\/clue-of-the-thirteenth-tuba\/#primaryimage","url":"https:\/\/muso-logistic.eu\/wp-content\/uploads\/2022\/08\/p4.jpg","contentUrl":"https:\/\/muso-logistic.eu\/wp-content\/uploads\/2022\/08\/p4.jpg","width":600,"height":600},{"@type":"BreadcrumbList","@id":"https:\/\/muso-logistic.eu\/product\/clue-of-the-thirteenth-tuba\/#breadcrumb","itemListElement":[{"@type":"ListItem","position":1,"name":"Home","item":"https:\/\/muso-logistic.eu\/"},{"@type":"ListItem","position":2,"name":"Produkty","item":"https:\/\/muso-logistic.eu\/shop\/"},{"@type":"ListItem","position":3,"name":"Clue of the Thirteenth Tuba"}]},{"@type":"WebSite","@id":"https:\/\/muso-logistic.eu\/#website","url":"https:\/\/muso-logistic.eu\/","name":"MUSO LOGISTIC","description":"International transport &amp; spedition","publisher":{"@id":"https:\/\/muso-logistic.eu\/#organization"},"potentialAction":[{"@type":"SearchAction","target":{"@type":"EntryPoint","urlTemplate":"https:\/\/muso-logistic.eu\/?s={search_term_string}"},"query-input":"required name=search_term_string"}],"inLanguage":"sk-SK"},{"@type":"Organization","@id":"https:\/\/muso-logistic.eu\/#organization","name":"MUSO LOGISTIC","url":"https:\/\/muso-logistic.eu\/","logo":{"@type":"ImageObject","inLanguage":"sk-SK","@id":"https:\/\/muso-logistic.eu\/#\/schema\/logo\/image\/","url":"https:\/\/muso-logistic.eu\/wp-content\/uploads\/2023\/07\/musologo_png_logo_EMBLEM.png","contentUrl":"https:\/\/muso-logistic.eu\/wp-content\/uploads\/2023\/07\/musologo_png_logo_EMBLEM.png","width":2148,"height":2117,"caption":"MUSO LOGISTIC"},"image":{"@id":"https:\/\/muso-logistic.eu\/#\/schema\/logo\/image\/"}}]}},"_links":{"self":[{"href":"https:\/\/muso-logistic.eu\/sk\/wp-json\/wp\/v2\/product\/7817"}],"collection":[{"href":"https:\/\/muso-logistic.eu\/sk\/wp-json\/wp\/v2\/product"}],"about":[{"href":"https:\/\/muso-logistic.eu\/sk\/wp-json\/wp\/v2\/types\/product"}],"replies":[{"embeddable":true,"href":"https:\/\/muso-logistic.eu\/sk\/wp-json\/wp\/v2\/comments?post=7817"}],"version-history":[{"count":0,"href":"https:\/\/muso-logistic.eu\/sk\/wp-json\/wp\/v2\/product\/7817\/revisions"}],"wp:featuredmedia":[{"embeddable":true,"href":"https:\/\/muso-logistic.eu\/sk\/wp-json\/wp\/v2\/media\/13744"}],"wp:attachment":[{"href":"https:\/\/muso-logistic.eu\/sk\/wp-json\/wp\/v2\/media?parent=7817"}],"wp:term":[{"taxonomy":"product_cat","embeddable":true,"href":"https:\/\/muso-logistic.eu\/sk\/wp-json\/wp\/v2\/product_cat?post=7817"},{"taxonomy":"product_tag","embeddable":true,"href":"https:\/\/muso-logistic.eu\/sk\/wp-json\/wp\/v2\/product_tag?post=7817"}],"curies":[{"name":"wp","href":"https:\/\/api.w.org\/{rel}","templated":true}]}}