{"id":24931,"date":"2023-08-10T14:40:13","date_gmt":"2023-08-10T12:40:13","guid":{"rendered":"https:\/\/muso-logistic.eu\/job-openings\/"},"modified":"2023-08-21T12:29:19","modified_gmt":"2023-08-21T10:29:19","slug":"job-openings","status":"publish","type":"page","link":"https:\/\/muso-logistic.eu\/sk\/job-openings\/","title":{"rendered":"Jobs"},"content":{"rendered":"<div class=\"awsm-job-wrap\">\n\n\t\t<div class=\"awsm-filter-wrap awsm-no-search-filter-wrap\"><form action=\"https:\/\/muso-logistic.eu\/wp-admin\/admin-ajax.php\" method=\"POST\"><a href=\"#\" class=\"awsm-filter-toggle\" role=\"button\" aria-pressed=\"false\"><span class=\"awsm-filter-toggle-text-wrapper\">Filter by<\/span><svg width=\"100\" height=\"100\" viewbox=\"0 0 100 100\" xmlns=\"http:\/\/www.w3.org\/2000\/svg\" version=\"1.1\" preserveaspectratio=\"xMinYMin\"><path xmlns=\"http:\/\/www.w3.org\/2000\/svg\" fill=\"rgb(9.803922%,9.803922%,9.803922%)\" d=\"M 36.417969 19.9375 L 36.417969 17.265625 C 36.417969 16.160156 35.523438 15.265625 34.417969 15.265625 L 21.578125 15.265625 C 20.476562 15.265625 19.578125 16.160156 19.578125 17.265625 L 19.578125 19.9375 L 11 19.9375 L 11 26.9375 L 19.578125 26.9375 L 19.578125 30.105469 C 19.578125 31.210938 20.476562 32.105469 21.578125 32.105469 L 34.417969 32.105469 C 35.523438 32.105469 36.417969 31.210938 36.417969 30.105469 L 36.417969 26.9375 L 89 26.9375 L 89 19.9375 Z M 58.421875 43.578125 C 58.421875 42.476562 57.527344 41.578125 56.421875 41.578125 L 43.582031 41.578125 C 42.480469 41.578125 41.582031 42.476562 41.582031 43.578125 L 41.582031 46.5 L 11 46.5 L 11 53.5 L 41.582031 53.5 L 41.582031 56.421875 C 41.582031 57.527344 42.480469 58.421875 43.582031 58.421875 L 56.421875 58.421875 C 57.527344 58.421875 58.421875 57.527344 58.421875 56.421875 L 58.421875 53.5 L 89 53.5 L 89 46.5 L 58.421875 46.5 Z M 80.417969 70.140625 C 80.417969 69.035156 79.523438 68.140625 78.417969 68.140625 L 65.578125 68.140625 C 64.476562 68.140625 63.578125 69.035156 63.578125 70.140625 L 63.578125 73.0625 L 11 73.0625 L 11 80.0625 L 63.578125 80.0625 L 63.578125 82.984375 C 63.578125 84.085938 64.476562 84.984375 65.578125 84.984375 L 78.417969 84.984375 C 79.523438 84.984375 80.417969 84.085938 80.417969 82.984375 L 80.417969 80.0625 L 89 80.0625 L 89 73.0625 L 80.417969 73.0625 Z M 80.417969 70.140625\"\/><\/svg><\/a><div class=\"awsm-filter-items\"><div class=\"awsm-filter-item\" data-filter=\"salary_spec\"><label for=\"awsm-salary-filter-option-1\" class=\"awsm-sr-only\">All Salary<\/label><select name=\"awsm_job_spec[salary]\" class=\"awsm-filter-option awsm-salary-filter-option\" id=\"awsm-salary-filter-option-1\" aria-label=\"All Salary\"><option value=\"\">All Salary<\/option><option value=\"71\" data-slug=\"1000-eur\">1000 EUR<\/option><\/select><\/div><div class=\"awsm-filter-item\" data-filter=\"job__location_spec\"><label for=\"awsm-job-location-filter-option-1\" class=\"awsm-sr-only\">All Job Location<\/label><select name=\"awsm_job_spec[job-location]\" class=\"awsm-filter-option awsm-job-location-filter-option\" id=\"awsm-job-location-filter-option-1\" aria-label=\"All Job Location\"><option value=\"\">All Job Location<\/option><option value=\"69\" data-slug=\"michalovce\">Michalovce<\/option><\/select><\/div><div class=\"awsm-filter-item\" data-filter=\"job__type_spec\"><label for=\"awsm-job-type-filter-option-1\" class=\"awsm-sr-only\">All Job Type<\/label><select name=\"awsm_job_spec[job-type]\" class=\"awsm-filter-option awsm-job-type-filter-option\" id=\"awsm-job-type-filter-option-1\" aria-label=\"All Job Type\"><option value=\"\">All Job Type<\/option><option value=\"65\" data-slug=\"full-time\">Na pln\u00fd \u00fav\u00e4zok<\/option><\/select><\/div><div class=\"awsm-filter-item\" data-filter=\"start_spec\"><label for=\"awsm-start-filter-option-1\" class=\"awsm-sr-only\">All Start<\/label><select name=\"awsm_job_spec[start]\" class=\"awsm-filter-option awsm-start-filter-option\" id=\"awsm-start-filter-option-1\" aria-label=\"All Start\"><option value=\"\">All Start<\/option><option value=\"70\" data-slug=\"august\">August<\/option><\/select><\/div><\/div><input type=\"hidden\" name=\"action\" value=\"jobfilter\"><\/form><\/div>\n\t\t<div class=\"awsm-job-listings awsm-lists\" data-listings=\"10\">\n\t\t\t<div class=\"awsm-job-listing-item awsm-list-item\" id=\"awsm-list-item-24937\">\t\t<div class=\"awsm-job-item\">\t\t\t<div class=\"awsm-list-left-col\">\n\t\t\t\t\n\t\t\t\t\n\t\t\t\t<h2 class=\"awsm-job-post-title\">\n\t\t\t\t\t<a href=\"https:\/\/muso-logistic.eu\/sk\/jobs\/administrative-support-2\/\">Administrat\u00edvna podpora<\/a>\t\t\t\t<\/h2>\n\n\t\t\t\t\t\t\t<\/div>\n\n\t\t\t<div class=\"awsm-list-right-col\">\n\t\t\t\t<div class=\"awsm-job-specification-wrapper\"><div class=\"awsm-job-specification-item awsm-job-specification-salary\"><i class=\"awsm-job-icon-money\"><\/i><span class=\"awsm-job-specification-term\">1000 EUR<\/span> <\/div><div class=\"awsm-job-specification-item awsm-job-specification-job-location\"><i class=\"awsm-job-icon-map-pin\"><\/i><span class=\"awsm-job-specification-term\">Michalovce<\/span> <\/div><div class=\"awsm-job-specification-item awsm-job-specification-job-type\"><i class=\"awsm-job-icon-briefcase\"><\/i><span class=\"awsm-job-specification-term\">Na pln\u00fd \u00fav\u00e4zok<\/span> <\/div><div class=\"awsm-job-specification-item awsm-job-specification-start\"><i class=\"awsm-job-icon-calendar\"><\/i><span class=\"awsm-job-specification-term\">August<\/span> <\/div><\/div><div class=\"awsm-job-more-container\"><a class=\"awsm-job-more\" href=\"https:\/\/muso-logistic.eu\/sk\/jobs\/administrative-support-2\/\">More Details <span><\/span><\/a><\/div>\t\t\t<\/div>\n\t\t<\/div>\t<\/div><div class=\"awsm-job-listing-item awsm-list-item\" id=\"awsm-list-item-24936\">\t\t<div class=\"awsm-job-item\">\t\t\t<div class=\"awsm-list-left-col\">\n\t\t\t\t\n\t\t\t\t\n\t\t\t\t<h2 class=\"awsm-job-post-title\">\n\t\t\t\t\t<a href=\"https:\/\/muso-logistic.eu\/sk\/jobs\/administrative-support-3\/\">Administrat\u00edvna podpora<\/a>\t\t\t\t<\/h2>\n\n\t\t\t\t\t\t\t<\/div>\n\n\t\t\t<div class=\"awsm-list-right-col\">\n\t\t\t\t<div class=\"awsm-job-specification-wrapper\"><div class=\"awsm-job-specification-item awsm-job-specification-salary\"><i class=\"awsm-job-icon-money\"><\/i><span class=\"awsm-job-specification-term\">1000 EUR<\/span> <\/div><div class=\"awsm-job-specification-item awsm-job-specification-job-location\"><i class=\"awsm-job-icon-map-pin\"><\/i><span class=\"awsm-job-specification-term\">Michalovce<\/span> <\/div><div class=\"awsm-job-specification-item awsm-job-specification-job-type\"><i class=\"awsm-job-icon-briefcase\"><\/i><span class=\"awsm-job-specification-term\">Na pln\u00fd \u00fav\u00e4zok<\/span> <\/div><div class=\"awsm-job-specification-item awsm-job-specification-start\"><i class=\"awsm-job-icon-calendar\"><\/i><span class=\"awsm-job-specification-term\">August<\/span> <\/div><\/div><div class=\"awsm-job-more-container\"><a class=\"awsm-job-more\" href=\"https:\/\/muso-logistic.eu\/sk\/jobs\/administrative-support-3\/\">More Details <span><\/span><\/a><\/div>\t\t\t<\/div>\n\t\t<\/div>\t<\/div><div class=\"awsm-job-listing-item awsm-list-item\" id=\"awsm-list-item-24932\">\t\t<div class=\"awsm-job-item\">\t\t\t<div class=\"awsm-list-left-col\">\n\t\t\t\t\n\t\t\t\t\n\t\t\t\t<h2 class=\"awsm-job-post-title\">\n\t\t\t\t\t<a href=\"https:\/\/muso-logistic.eu\/sk\/jobs\/administrative-support\/\">Administrat\u00edvna podpora<\/a>\t\t\t\t<\/h2>\n\n\t\t\t\t\t\t\t<\/div>\n\n\t\t\t<div class=\"awsm-list-right-col\">\n\t\t\t\t<div class=\"awsm-job-specification-wrapper\"><div class=\"awsm-job-specification-item awsm-job-specification-salary\"><i class=\"awsm-job-icon-money\"><\/i><span class=\"awsm-job-specification-term\">1000 EUR<\/span> <\/div><div class=\"awsm-job-specification-item awsm-job-specification-job-location\"><i class=\"awsm-job-icon-map-pin\"><\/i><span class=\"awsm-job-specification-term\">Michalovce<\/span> <\/div><div class=\"awsm-job-specification-item awsm-job-specification-job-type\"><i class=\"awsm-job-icon-briefcase\"><\/i><span class=\"awsm-job-specification-term\">Na pln\u00fd \u00fav\u00e4zok<\/span> <\/div><div class=\"awsm-job-specification-item awsm-job-specification-start\"><i class=\"awsm-job-icon-calendar\"><\/i><span class=\"awsm-job-specification-term\">August<\/span> <\/div><\/div><div class=\"awsm-job-more-container\"><a class=\"awsm-job-more\" href=\"https:\/\/muso-logistic.eu\/sk\/jobs\/administrative-support\/\">More Details <span><\/span><\/a><\/div>\t\t\t<\/div>\n\t\t<\/div>\t<\/div>\t\t<\/div>\n\n\t<\/div>","protected":false},"excerpt":{"rendered":"","protected":false},"author":1,"featured_media":0,"parent":0,"menu_order":0,"comment_status":"closed","ping_status":"closed","template":"","meta":{"_monsterinsights_skip_tracking":false,"_monsterinsights_sitenote_active":false,"_monsterinsights_sitenote_note":"","_monsterinsights_sitenote_category":0,"footnotes":""},"yoast_head":"<!-- This site is optimized with the Yoast SEO plugin v22.8 - https:\/\/yoast.com\/wordpress\/plugins\/seo\/ -->\n<title>Jobs - MUSO LOGISTIC<\/title>\n<meta name=\"robots\" content=\"index, follow, max-snippet:-1, max-image-preview:large, max-video-preview:-1\" \/>\n<link rel=\"canonical\" href=\"https:\/\/muso-logistic.eu\/sk\/job-openings\/\" \/>\n<meta property=\"og:locale\" content=\"sk_SK\" \/>\n<meta property=\"og:type\" content=\"article\" \/>\n<meta property=\"og:title\" content=\"Jobs - MUSO LOGISTIC\" \/>\n<meta property=\"og:url\" content=\"https:\/\/muso-logistic.eu\/sk\/job-openings\/\" \/>\n<meta property=\"og:site_name\" content=\"MUSO LOGISTIC\" \/>\n<meta property=\"article:modified_time\" content=\"2023-08-21T10:29:19+00:00\" \/>\n<meta name=\"twitter:card\" content=\"summary_large_image\" \/>\n<meta name=\"twitter:label1\" content=\"Predpokladan\u00fd \u010das \u010d\u00edtania\" \/>\n\t<meta name=\"twitter:data1\" content=\"1 min\u00fata\" \/>\n<script type=\"application\/ld+json\" class=\"yoast-schema-graph\">{\"@context\":\"https:\/\/schema.org\",\"@graph\":[{\"@type\":\"WebPage\",\"@id\":\"https:\/\/muso-logistic.eu\/job-openings\/\",\"url\":\"https:\/\/muso-logistic.eu\/job-openings\/\",\"name\":\"Jobs - MUSO LOGISTIC\",\"isPartOf\":{\"@id\":\"https:\/\/muso-logistic.eu\/#website\"},\"datePublished\":\"2023-08-10T12:40:13+00:00\",\"dateModified\":\"2023-08-21T10:29:19+00:00\",\"breadcrumb\":{\"@id\":\"https:\/\/muso-logistic.eu\/job-openings\/#breadcrumb\"},\"inLanguage\":\"sk-SK\",\"potentialAction\":[{\"@type\":\"ReadAction\",\"target\":[\"https:\/\/muso-logistic.eu\/job-openings\/\"]}]},{\"@type\":\"BreadcrumbList\",\"@id\":\"https:\/\/muso-logistic.eu\/job-openings\/#breadcrumb\",\"itemListElement\":[{\"@type\":\"ListItem\",\"position\":1,\"name\":\"Home\",\"item\":\"https:\/\/muso-logistic.eu\/\"},{\"@type\":\"ListItem\",\"position\":2,\"name\":\"Jobs\"}]},{\"@type\":\"WebSite\",\"@id\":\"https:\/\/muso-logistic.eu\/#website\",\"url\":\"https:\/\/muso-logistic.eu\/\",\"name\":\"MUSO LOGISTIC\",\"description\":\"International transport &amp; spedition\",\"publisher\":{\"@id\":\"https:\/\/muso-logistic.eu\/#organization\"},\"potentialAction\":[{\"@type\":\"SearchAction\",\"target\":{\"@type\":\"EntryPoint\",\"urlTemplate\":\"https:\/\/muso-logistic.eu\/?s={search_term_string}\"},\"query-input\":\"required name=search_term_string\"}],\"inLanguage\":\"sk-SK\"},{\"@type\":\"Organization\",\"@id\":\"https:\/\/muso-logistic.eu\/#organization\",\"name\":\"MUSO LOGISTIC\",\"url\":\"https:\/\/muso-logistic.eu\/\",\"logo\":{\"@type\":\"ImageObject\",\"inLanguage\":\"sk-SK\",\"@id\":\"https:\/\/muso-logistic.eu\/#\/schema\/logo\/image\/\",\"url\":\"https:\/\/muso-logistic.eu\/wp-content\/uploads\/2023\/07\/musologo_png_logo_EMBLEM.png\",\"contentUrl\":\"https:\/\/muso-logistic.eu\/wp-content\/uploads\/2023\/07\/musologo_png_logo_EMBLEM.png\",\"width\":2148,\"height\":2117,\"caption\":\"MUSO LOGISTIC\"},\"image\":{\"@id\":\"https:\/\/muso-logistic.eu\/#\/schema\/logo\/image\/\"}}]}<\/script>\n<!-- \/ Yoast SEO plugin. -->","yoast_head_json":{"title":"Jobs - MUSO LOGISTIC","robots":{"index":"index","follow":"follow","max-snippet":"max-snippet:-1","max-image-preview":"max-image-preview:large","max-video-preview":"max-video-preview:-1"},"canonical":"https:\/\/muso-logistic.eu\/sk\/job-openings\/","og_locale":"sk_SK","og_type":"article","og_title":"Jobs - MUSO LOGISTIC","og_url":"https:\/\/muso-logistic.eu\/sk\/job-openings\/","og_site_name":"MUSO LOGISTIC","article_modified_time":"2023-08-21T10:29:19+00:00","twitter_card":"summary_large_image","twitter_misc":{"Predpokladan\u00fd \u010das \u010d\u00edtania":"1 min\u00fata"},"schema":{"@context":"https:\/\/schema.org","@graph":[{"@type":"WebPage","@id":"https:\/\/muso-logistic.eu\/job-openings\/","url":"https:\/\/muso-logistic.eu\/job-openings\/","name":"Jobs - MUSO LOGISTIC","isPartOf":{"@id":"https:\/\/muso-logistic.eu\/#website"},"datePublished":"2023-08-10T12:40:13+00:00","dateModified":"2023-08-21T10:29:19+00:00","breadcrumb":{"@id":"https:\/\/muso-logistic.eu\/job-openings\/#breadcrumb"},"inLanguage":"sk-SK","potentialAction":[{"@type":"ReadAction","target":["https:\/\/muso-logistic.eu\/job-openings\/"]}]},{"@type":"BreadcrumbList","@id":"https:\/\/muso-logistic.eu\/job-openings\/#breadcrumb","itemListElement":[{"@type":"ListItem","position":1,"name":"Home","item":"https:\/\/muso-logistic.eu\/"},{"@type":"ListItem","position":2,"name":"Jobs"}]},{"@type":"WebSite","@id":"https:\/\/muso-logistic.eu\/#website","url":"https:\/\/muso-logistic.eu\/","name":"MUSO LOGISTIC","description":"International transport &amp; spedition","publisher":{"@id":"https:\/\/muso-logistic.eu\/#organization"},"potentialAction":[{"@type":"SearchAction","target":{"@type":"EntryPoint","urlTemplate":"https:\/\/muso-logistic.eu\/?s={search_term_string}"},"query-input":"required name=search_term_string"}],"inLanguage":"sk-SK"},{"@type":"Organization","@id":"https:\/\/muso-logistic.eu\/#organization","name":"MUSO LOGISTIC","url":"https:\/\/muso-logistic.eu\/","logo":{"@type":"ImageObject","inLanguage":"sk-SK","@id":"https:\/\/muso-logistic.eu\/#\/schema\/logo\/image\/","url":"https:\/\/muso-logistic.eu\/wp-content\/uploads\/2023\/07\/musologo_png_logo_EMBLEM.png","contentUrl":"https:\/\/muso-logistic.eu\/wp-content\/uploads\/2023\/07\/musologo_png_logo_EMBLEM.png","width":2148,"height":2117,"caption":"MUSO LOGISTIC"},"image":{"@id":"https:\/\/muso-logistic.eu\/#\/schema\/logo\/image\/"}}]}},"_links":{"self":[{"href":"https:\/\/muso-logistic.eu\/sk\/wp-json\/wp\/v2\/pages\/24931"}],"collection":[{"href":"https:\/\/muso-logistic.eu\/sk\/wp-json\/wp\/v2\/pages"}],"about":[{"href":"https:\/\/muso-logistic.eu\/sk\/wp-json\/wp\/v2\/types\/page"}],"author":[{"embeddable":true,"href":"https:\/\/muso-logistic.eu\/sk\/wp-json\/wp\/v2\/users\/1"}],"replies":[{"embeddable":true,"href":"https:\/\/muso-logistic.eu\/sk\/wp-json\/wp\/v2\/comments?post=24931"}],"version-history":[{"count":1,"href":"https:\/\/muso-logistic.eu\/sk\/wp-json\/wp\/v2\/pages\/24931\/revisions"}],"predecessor-version":[{"id":25073,"href":"https:\/\/muso-logistic.eu\/sk\/wp-json\/wp\/v2\/pages\/24931\/revisions\/25073"}],"wp:attachment":[{"href":"https:\/\/muso-logistic.eu\/sk\/wp-json\/wp\/v2\/media?parent=24931"}],"curies":[{"name":"wp","href":"https:\/\/api.w.org\/{rel}","templated":true}]}}