{"id":214,"date":"2021-04-19T07:13:35","date_gmt":"2021-04-19T07:13:35","guid":{"rendered":"https:\/\/wp.kodesolution.live\/2021\/business\/sesom\/?page_id=214"},"modified":"2021-04-19T07:13:35","modified_gmt":"2021-04-19T07:13:35","slug":"faqs","status":"publish","type":"page","link":"https:\/\/muso-logistic.eu\/sk\/faqs\/","title":{"rendered":"\u010casto kladen\u00e9 ot\u00e1zky"},"content":{"rendered":"<div data-elementor-type=\"wp-page\" data-elementor-id=\"214\" class=\"elementor elementor-214\" data-elementor-post-type=\"page\">\n\t\t\t\t\t\t<section class=\"elementor-section elementor-top-section elementor-element elementor-element-fb849e3 elementor-section-stretched elementor-section-boxed elementor-section-height-default elementor-section-height-default tm-col-stretched-none tm-bg-color-over-image\" data-id=\"fb849e3\" data-element_type=\"section\" data-settings=\"{&quot;stretch_section&quot;:&quot;section-stretched&quot;}\">\n\t\t\t\t\t\t<div class=\"elementor-container elementor-column-gap-extended\">\n\t\t\t\t\t<div class=\"elementor-column elementor-col-100 elementor-top-column elementor-element elementor-element-f230d00 tm-bg-color-over-image\" data-id=\"f230d00\" data-element_type=\"column\">\n\t\t\t<div class=\"elementor-widget-wrap elementor-element-populated\">\n\t\t\t\t\t\t<section class=\"elementor-section elementor-inner-section elementor-element elementor-element-b56b317 elementor-section-boxed elementor-section-height-default elementor-section-height-default tm-col-stretched-none tm-bg-color-over-image\" data-id=\"b56b317\" data-element_type=\"section\">\n\t\t\t\t\t\t<div class=\"elementor-container elementor-column-gap-extended\">\n\t\t\t\t\t<div class=\"elementor-column elementor-col-33 elementor-inner-column elementor-element elementor-element-e165734 tm-bg-color-over-image\" data-id=\"e165734\" data-element_type=\"column\">\n\t\t\t<div class=\"elementor-widget-wrap elementor-element-populated\">\n\t\t\t\t\t\t<div class=\"elementor-element elementor-element-3bf40ed elementor-widget elementor-widget-tm-ele-accordion\" data-id=\"3bf40ed\" data-element_type=\"widget\" data-widget_type=\"tm-ele-accordion.default\">\n\t\t\t\t<div class=\"elementor-widget-container\">\n\t\t\t\t\t<div id=\"accordion-holder-747460\" class=\"tm-accordion accordion\">\r\n\t\r\n  <div class=\"card active\">\r\n    <div class=\"card-header p-0\" id=\"heading831\">\r\n      <h5 class=\"title\" data-bs-toggle=\"collapse\" data-bs-target=\"#collapse831\" aria-expanded=\"true\" aria-controls=\"collapse831\">\r\n        <span class=\"text\">Kde n\u00e1jdem svoj k\u013e\u00fa\u010d k produktu Office?<\/span>\r\n        <span class=\"accordion-controls-icon\"><i class=\"fas fa-chevron-down\"><\/i><\/span>\r\n      <\/h5>\r\n    <\/div>\r\n    <div id=\"collapse831\" class=\"collapse show\" aria-labelledby=\"heading831\" data-bs-parent=\"#accordion-holder-747460\">\r\n      <div class=\"card-body\">\r\n        Anim pariatur cliche reprehenderit, enim eiusmod high life with accusamus terry richardson ad squid. 3 wolf moon officia aute, non cupidatat skateboard dolor brunch. Food truck quinoa nesciunt laborum eiusmod brunch      <\/div>\r\n    <\/div>\r\n  <\/div>\r\n\r\n  <div class=\"card\">\r\n    <div class=\"card-header p-0\" id=\"heading832\">\r\n      <h5 class=\"title collapsed\" data-bs-toggle=\"collapse\" data-bs-target=\"#collapse832\" aria-expanded=\"false\" aria-controls=\"collapse832\">\r\n        <span class=\"text\">M\u00e1m probl\u00e9my, \u010do m\u00e1m e\u0161te urobi\u0165?<\/span>\r\n        <span class=\"accordion-controls-icon\"><i class=\"fas fa-chevron-down\"><\/i><\/span>\r\n      <\/h5>\r\n    <\/div>\r\n    <div id=\"collapse832\" class=\"collapse\" aria-labelledby=\"heading832\" data-bs-parent=\"#accordion-holder-747460\">\r\n      <div class=\"card-body\">\r\n        Anim pariatur cliche reprehenderit, enim eiusmod high life with accusamus terry richardson ad squid. 3 wolf moon officia aute, non cupidatat skateboard dolor brunch. Food truck quinoa nesciunt laborum eiusmod brunch      <\/div>\r\n    <\/div>\r\n  <\/div>\r\n\r\n  <div class=\"card\">\r\n    <div class=\"card-header p-0\" id=\"heading833\">\r\n      <h5 class=\"title collapsed\" data-bs-toggle=\"collapse\" data-bs-target=\"#collapse833\" aria-expanded=\"false\" aria-controls=\"collapse833\">\r\n        <span class=\"text\">\u010co m\u00e1te na mysli pod pojmom polo\u017eka a kone\u010dn\u00fd produkt?<\/span>\r\n        <span class=\"accordion-controls-icon\"><i class=\"fas fa-chevron-down\"><\/i><\/span>\r\n      <\/h5>\r\n    <\/div>\r\n    <div id=\"collapse833\" class=\"collapse\" aria-labelledby=\"heading833\" data-bs-parent=\"#accordion-holder-747460\">\r\n      <div class=\"card-body\">\r\n        Anim pariatur cliche reprehenderit, enim eiusmod high life with accusamus terry richardson ad squid. 3 wolf moon officia aute, non cupidatat skateboard dolor brunch. Food truck quinoa nesciunt laborum eiusmod brunch      <\/div>\r\n    <\/div>\r\n  <\/div>\r\n\r\n  <div class=\"card\">\r\n    <div class=\"card-header p-0\" id=\"heading834\">\r\n      <h5 class=\"title collapsed\" data-bs-toggle=\"collapse\" data-bs-target=\"#collapse834\" aria-expanded=\"false\" aria-controls=\"collapse834\">\r\n        <span class=\"text\">Potrebujem viac inform\u00e1ci\u00ed o t\u00e9me.<\/span>\r\n        <span class=\"accordion-controls-icon\"><i class=\"fas fa-chevron-down\"><\/i><\/span>\r\n      <\/h5>\r\n    <\/div>\r\n    <div id=\"collapse834\" class=\"collapse\" aria-labelledby=\"heading834\" data-bs-parent=\"#accordion-holder-747460\">\r\n      <div class=\"card-body\">\r\n        Anim pariatur cliche reprehenderit, enim eiusmod high life with accusamus terry richardson ad squid. 3 wolf moon officia aute, non cupidatat skateboard dolor brunch. Food truck quinoa nesciunt laborum eiusmod brunch      <\/div>\r\n    <\/div>\r\n  <\/div>\r\n\r\n  <div class=\"card\">\r\n    <div class=\"card-header p-0\" id=\"heading835\">\r\n      <h5 class=\"title collapsed\" data-bs-toggle=\"collapse\" data-bs-target=\"#collapse835\" aria-expanded=\"false\" aria-controls=\"collapse835\">\r\n        <span class=\"text\">\u010co m\u00e1te na mysli pod pojmom polo\u017eka a kone\u010dn\u00fd produkt?<\/span>\r\n        <span class=\"accordion-controls-icon\"><i class=\"fas fa-chevron-down\"><\/i><\/span>\r\n      <\/h5>\r\n    <\/div>\r\n    <div id=\"collapse835\" class=\"collapse\" aria-labelledby=\"heading835\" data-bs-parent=\"#accordion-holder-747460\">\r\n      <div class=\"card-body\">\r\n        Anim pariatur cliche reprehenderit, enim eiusmod high life with accusamus terry richardson ad squid. 3 wolf moon officia aute, non cupidatat skateboard dolor brunch. Food truck quinoa nesciunt laborum eiusmod brunch      <\/div>\r\n    <\/div>\r\n  <\/div>\r\n\t\t<\/div>\r\n\t\t\t<\/div>\n\t\t\t\t<\/div>\n\t\t\t\t\t<\/div>\n\t\t<\/div>\n\t\t\t\t<div class=\"elementor-column elementor-col-33 elementor-inner-column elementor-element elementor-element-542b731 tm-bg-color-over-image\" data-id=\"542b731\" data-element_type=\"column\">\n\t\t\t<div class=\"elementor-widget-wrap\">\n\t\t\t\t\t\t\t<\/div>\n\t\t<\/div>\n\t\t\t\t<div class=\"elementor-column elementor-col-33 elementor-inner-column elementor-element elementor-element-c90faf4 tm-bg-color-over-image\" data-id=\"c90faf4\" data-element_type=\"column\">\n\t\t\t<div class=\"elementor-widget-wrap elementor-element-populated\">\n\t\t\t\t\t\t<div class=\"elementor-element elementor-element-54e19d9 elementor-widget elementor-widget-tm-ele-accordion\" data-id=\"54e19d9\" data-element_type=\"widget\" data-widget_type=\"tm-ele-accordion.skin-classic\">\n\t\t\t\t<div class=\"elementor-widget-container\">\n\t\t\t\t\t<div id=\"accordion-holder-762088\" class=\"tm-accordion skin-classic\">\r\n\t\r\n  <div class=\"card active\">\r\n    <div class=\"card-header p-0\" id=\"heading371\">\r\n      <h5 class=\"title\" data-bs-toggle=\"collapse\" data-bs-target=\"#collapse371\" aria-expanded=\"true\" aria-controls=\"collapse371\">\r\n        <span class=\"text\">Kde n\u00e1jdem svoj k\u013e\u00fa\u010d k produktu Office?<\/span>\r\n        <span class=\"accordion-controls-icon\"><i class=\"fas fa-chevron-down\"><\/i><\/span>\r\n      <\/h5>\r\n    <\/div>\r\n    <div id=\"collapse371\" class=\"collapse show\" aria-labelledby=\"heading371\" data-bs-parent=\"#accordion-holder-762088\">\r\n      <div class=\"card-body\">\r\n        Anim pariatur cliche reprehenderit, enim eiusmod high life with accusamus terry richardson ad squid. 3 wolf moon officia aute, non cupidatat skateboard dolor brunch. Food truck quinoa nesciunt laborum eiusmod brunch      <\/div>\r\n    <\/div>\r\n  <\/div>\r\n\r\n  <div class=\"card\">\r\n    <div class=\"card-header p-0\" id=\"heading372\">\r\n      <h5 class=\"title collapsed\" data-bs-toggle=\"collapse\" data-bs-target=\"#collapse372\" aria-expanded=\"false\" aria-controls=\"collapse372\">\r\n        <span class=\"text\">M\u00e1m probl\u00e9my, \u010do m\u00e1m e\u0161te urobi\u0165?<\/span>\r\n        <span class=\"accordion-controls-icon\"><i class=\"fas fa-chevron-down\"><\/i><\/span>\r\n      <\/h5>\r\n    <\/div>\r\n    <div id=\"collapse372\" class=\"collapse\" aria-labelledby=\"heading372\" data-bs-parent=\"#accordion-holder-762088\">\r\n      <div class=\"card-body\">\r\n        Anim pariatur cliche reprehenderit, enim eiusmod high life with accusamus terry richardson ad squid. 3 wolf moon officia aute, non cupidatat skateboard dolor brunch. Food truck quinoa nesciunt laborum eiusmod brunch      <\/div>\r\n    <\/div>\r\n  <\/div>\r\n\r\n  <div class=\"card\">\r\n    <div class=\"card-header p-0\" id=\"heading373\">\r\n      <h5 class=\"title collapsed\" data-bs-toggle=\"collapse\" data-bs-target=\"#collapse373\" aria-expanded=\"false\" aria-controls=\"collapse373\">\r\n        <span class=\"text\">\u010co m\u00e1te na mysli pod pojmom polo\u017eka a kone\u010dn\u00fd produkt?<\/span>\r\n        <span class=\"accordion-controls-icon\"><i class=\"fas fa-chevron-down\"><\/i><\/span>\r\n      <\/h5>\r\n    <\/div>\r\n    <div id=\"collapse373\" class=\"collapse\" aria-labelledby=\"heading373\" data-bs-parent=\"#accordion-holder-762088\">\r\n      <div class=\"card-body\">\r\n        Anim pariatur cliche reprehenderit, enim eiusmod high life with accusamus terry richardson ad squid. 3 wolf moon officia aute, non cupidatat skateboard dolor brunch. Food truck quinoa nesciunt laborum eiusmod brunch      <\/div>\r\n    <\/div>\r\n  <\/div>\r\n\r\n  <div class=\"card\">\r\n    <div class=\"card-header p-0\" id=\"heading374\">\r\n      <h5 class=\"title collapsed\" data-bs-toggle=\"collapse\" data-bs-target=\"#collapse374\" aria-expanded=\"false\" aria-controls=\"collapse374\">\r\n        <span class=\"text\">Potrebujem viac inform\u00e1ci\u00ed o t\u00e9me.<\/span>\r\n        <span class=\"accordion-controls-icon\"><i class=\"fas fa-chevron-down\"><\/i><\/span>\r\n      <\/h5>\r\n    <\/div>\r\n    <div id=\"collapse374\" class=\"collapse\" aria-labelledby=\"heading374\" data-bs-parent=\"#accordion-holder-762088\">\r\n      <div class=\"card-body\">\r\n        Anim pariatur cliche reprehenderit, enim eiusmod high life with accusamus terry richardson ad squid. 3 wolf moon officia aute, non cupidatat skateboard dolor brunch. Food truck quinoa nesciunt laborum eiusmod brunch      <\/div>\r\n    <\/div>\r\n  <\/div>\r\n\r\n  <div class=\"card\">\r\n    <div class=\"card-header p-0\" id=\"heading375\">\r\n      <h5 class=\"title collapsed\" data-bs-toggle=\"collapse\" data-bs-target=\"#collapse375\" aria-expanded=\"false\" aria-controls=\"collapse375\">\r\n        <span class=\"text\">\u010co m\u00e1te na mysli pod pojmom polo\u017eka a kone\u010dn\u00fd produkt?<\/span>\r\n        <span class=\"accordion-controls-icon\"><i class=\"fas fa-chevron-down\"><\/i><\/span>\r\n      <\/h5>\r\n    <\/div>\r\n    <div id=\"collapse375\" class=\"collapse\" aria-labelledby=\"heading375\" data-bs-parent=\"#accordion-holder-762088\">\r\n      <div class=\"card-body\">\r\n        Anim pariatur cliche reprehenderit, enim eiusmod high life with accusamus terry richardson ad squid. 3 wolf moon officia aute, non cupidatat skateboard dolor brunch. Food truck quinoa nesciunt laborum eiusmod brunch      <\/div>\r\n    <\/div>\r\n  <\/div>\r\n\t\t<\/div>\r\n\t\t\t<\/div>\n\t\t\t\t<\/div>\n\t\t\t\t\t<\/div>\n\t\t<\/div>\n\t\t\t\t\t<\/div>\n\t\t<\/section>\n\t\t\t\t\t<\/div>\n\t\t<\/div>\n\t\t\t\t\t<\/div>\n\t\t<\/section>\n\t\t\t\t<\/div>","protected":false},"excerpt":{"rendered":"<p>Where do I find my Office product key? Anim pariatur cliche reprehenderit, enim eiusmod high life with accusamus terry richardson&#8230;<\/p>","protected":false},"author":1,"featured_media":0,"parent":0,"menu_order":0,"comment_status":"closed","ping_status":"closed","template":"","meta":{"_monsterinsights_skip_tracking":false,"_monsterinsights_sitenote_active":false,"_monsterinsights_sitenote_note":"","_monsterinsights_sitenote_category":0,"footnotes":""},"yoast_head":"<!-- This site is optimized with the Yoast SEO plugin v22.8 - https:\/\/yoast.com\/wordpress\/plugins\/seo\/ -->\n<title>FAQ&#039;s - MUSO LOGISTIC<\/title>\n<meta name=\"robots\" content=\"index, follow, max-snippet:-1, max-image-preview:large, max-video-preview:-1\" \/>\n<link rel=\"canonical\" href=\"https:\/\/muso-logistic.eu\/sk\/faqs\/\" \/>\n<meta property=\"og:locale\" content=\"sk_SK\" \/>\n<meta property=\"og:type\" content=\"article\" \/>\n<meta property=\"og:title\" content=\"FAQ&#039;s - MUSO LOGISTIC\" \/>\n<meta property=\"og:description\" content=\"Where do I find my Office product key? Anim pariatur cliche reprehenderit, enim eiusmod high life with accusamus terry richardson...\" \/>\n<meta property=\"og:url\" content=\"https:\/\/muso-logistic.eu\/sk\/faqs\/\" \/>\n<meta property=\"og:site_name\" content=\"MUSO LOGISTIC\" \/>\n<meta name=\"twitter:card\" content=\"summary_large_image\" \/>\n<meta name=\"twitter:label1\" content=\"Predpokladan\u00fd \u010das \u010d\u00edtania\" \/>\n\t<meta name=\"twitter:data1\" content=\"2 min\u00faty\" \/>\n<script type=\"application\/ld+json\" class=\"yoast-schema-graph\">{\"@context\":\"https:\/\/schema.org\",\"@graph\":[{\"@type\":\"WebPage\",\"@id\":\"https:\/\/muso-logistic.eu\/faqs\/\",\"url\":\"https:\/\/muso-logistic.eu\/faqs\/\",\"name\":\"FAQ's - MUSO LOGISTIC\",\"isPartOf\":{\"@id\":\"https:\/\/muso-logistic.eu\/#website\"},\"datePublished\":\"2021-04-19T07:13:35+00:00\",\"dateModified\":\"2021-04-19T07:13:35+00:00\",\"breadcrumb\":{\"@id\":\"https:\/\/muso-logistic.eu\/faqs\/#breadcrumb\"},\"inLanguage\":\"sk-SK\",\"potentialAction\":[{\"@type\":\"ReadAction\",\"target\":[\"https:\/\/muso-logistic.eu\/faqs\/\"]}]},{\"@type\":\"BreadcrumbList\",\"@id\":\"https:\/\/muso-logistic.eu\/faqs\/#breadcrumb\",\"itemListElement\":[{\"@type\":\"ListItem\",\"position\":1,\"name\":\"Home\",\"item\":\"https:\/\/muso-logistic.eu\/\"},{\"@type\":\"ListItem\",\"position\":2,\"name\":\"FAQ&#8217;s\"}]},{\"@type\":\"WebSite\",\"@id\":\"https:\/\/muso-logistic.eu\/#website\",\"url\":\"https:\/\/muso-logistic.eu\/\",\"name\":\"MUSO LOGISTIC\",\"description\":\"International transport &amp; spedition\",\"publisher\":{\"@id\":\"https:\/\/muso-logistic.eu\/#organization\"},\"potentialAction\":[{\"@type\":\"SearchAction\",\"target\":{\"@type\":\"EntryPoint\",\"urlTemplate\":\"https:\/\/muso-logistic.eu\/?s={search_term_string}\"},\"query-input\":\"required name=search_term_string\"}],\"inLanguage\":\"sk-SK\"},{\"@type\":\"Organization\",\"@id\":\"https:\/\/muso-logistic.eu\/#organization\",\"name\":\"MUSO LOGISTIC\",\"url\":\"https:\/\/muso-logistic.eu\/\",\"logo\":{\"@type\":\"ImageObject\",\"inLanguage\":\"sk-SK\",\"@id\":\"https:\/\/muso-logistic.eu\/#\/schema\/logo\/image\/\",\"url\":\"https:\/\/muso-logistic.eu\/wp-content\/uploads\/2023\/07\/musologo_png_logo_EMBLEM.png\",\"contentUrl\":\"https:\/\/muso-logistic.eu\/wp-content\/uploads\/2023\/07\/musologo_png_logo_EMBLEM.png\",\"width\":2148,\"height\":2117,\"caption\":\"MUSO LOGISTIC\"},\"image\":{\"@id\":\"https:\/\/muso-logistic.eu\/#\/schema\/logo\/image\/\"}}]}<\/script>\n<!-- \/ Yoast SEO plugin. -->","yoast_head_json":{"title":"FAQ's - MUSO LOGISTIC","robots":{"index":"index","follow":"follow","max-snippet":"max-snippet:-1","max-image-preview":"max-image-preview:large","max-video-preview":"max-video-preview:-1"},"canonical":"https:\/\/muso-logistic.eu\/sk\/faqs\/","og_locale":"sk_SK","og_type":"article","og_title":"FAQ's - MUSO LOGISTIC","og_description":"Where do I find my Office product key? Anim pariatur cliche reprehenderit, enim eiusmod high life with accusamus terry richardson...","og_url":"https:\/\/muso-logistic.eu\/sk\/faqs\/","og_site_name":"MUSO LOGISTIC","twitter_card":"summary_large_image","twitter_misc":{"Predpokladan\u00fd \u010das \u010d\u00edtania":"2 min\u00faty"},"schema":{"@context":"https:\/\/schema.org","@graph":[{"@type":"WebPage","@id":"https:\/\/muso-logistic.eu\/faqs\/","url":"https:\/\/muso-logistic.eu\/faqs\/","name":"FAQ's - MUSO LOGISTIC","isPartOf":{"@id":"https:\/\/muso-logistic.eu\/#website"},"datePublished":"2021-04-19T07:13:35+00:00","dateModified":"2021-04-19T07:13:35+00:00","breadcrumb":{"@id":"https:\/\/muso-logistic.eu\/faqs\/#breadcrumb"},"inLanguage":"sk-SK","potentialAction":[{"@type":"ReadAction","target":["https:\/\/muso-logistic.eu\/faqs\/"]}]},{"@type":"BreadcrumbList","@id":"https:\/\/muso-logistic.eu\/faqs\/#breadcrumb","itemListElement":[{"@type":"ListItem","position":1,"name":"Home","item":"https:\/\/muso-logistic.eu\/"},{"@type":"ListItem","position":2,"name":"FAQ&#8217;s"}]},{"@type":"WebSite","@id":"https:\/\/muso-logistic.eu\/#website","url":"https:\/\/muso-logistic.eu\/","name":"MUSO LOGISTIC","description":"International transport &amp; spedition","publisher":{"@id":"https:\/\/muso-logistic.eu\/#organization"},"potentialAction":[{"@type":"SearchAction","target":{"@type":"EntryPoint","urlTemplate":"https:\/\/muso-logistic.eu\/?s={search_term_string}"},"query-input":"required name=search_term_string"}],"inLanguage":"sk-SK"},{"@type":"Organization","@id":"https:\/\/muso-logistic.eu\/#organization","name":"MUSO LOGISTIC","url":"https:\/\/muso-logistic.eu\/","logo":{"@type":"ImageObject","inLanguage":"sk-SK","@id":"https:\/\/muso-logistic.eu\/#\/schema\/logo\/image\/","url":"https:\/\/muso-logistic.eu\/wp-content\/uploads\/2023\/07\/musologo_png_logo_EMBLEM.png","contentUrl":"https:\/\/muso-logistic.eu\/wp-content\/uploads\/2023\/07\/musologo_png_logo_EMBLEM.png","width":2148,"height":2117,"caption":"MUSO LOGISTIC"},"image":{"@id":"https:\/\/muso-logistic.eu\/#\/schema\/logo\/image\/"}}]}},"_links":{"self":[{"href":"https:\/\/muso-logistic.eu\/sk\/wp-json\/wp\/v2\/pages\/214"}],"collection":[{"href":"https:\/\/muso-logistic.eu\/sk\/wp-json\/wp\/v2\/pages"}],"about":[{"href":"https:\/\/muso-logistic.eu\/sk\/wp-json\/wp\/v2\/types\/page"}],"author":[{"embeddable":true,"href":"https:\/\/muso-logistic.eu\/sk\/wp-json\/wp\/v2\/users\/1"}],"replies":[{"embeddable":true,"href":"https:\/\/muso-logistic.eu\/sk\/wp-json\/wp\/v2\/comments?post=214"}],"version-history":[{"count":0,"href":"https:\/\/muso-logistic.eu\/sk\/wp-json\/wp\/v2\/pages\/214\/revisions"}],"wp:attachment":[{"href":"https:\/\/muso-logistic.eu\/sk\/wp-json\/wp\/v2\/media?parent=214"}],"curies":[{"name":"wp","href":"https:\/\/api.w.org\/{rel}","templated":true}]}}