{"id":216,"date":"2021-04-19T07:14:10","date_gmt":"2021-04-19T07:14:10","guid":{"rendered":"https:\/\/wp.kodesolution.live\/2021\/business\/sesom\/?page_id=216"},"modified":"2021-04-19T07:14:10","modified_gmt":"2021-04-19T07:14:10","slug":"testimonials","status":"publish","type":"page","link":"https:\/\/muso-logistic.eu\/de\/testimonials\/","title":{"rendered":"Testimonials"},"content":{"rendered":"<div data-elementor-type=\"wp-page\" data-elementor-id=\"216\" class=\"elementor elementor-216\" data-elementor-post-type=\"page\">\n\t\t\t\t\t\t<section class=\"elementor-section elementor-top-section elementor-element elementor-element-a1685e0 elementor-section-stretched elementor-section-boxed elementor-section-height-default elementor-section-height-default tm-col-stretched-none tm-bg-color-over-image\" data-id=\"a1685e0\" data-element_type=\"section\" data-settings=\"{&quot;stretch_section&quot;:&quot;section-stretched&quot;,&quot;background_background&quot;:&quot;classic&quot;}\">\n\t\t\t\t\t\t<div class=\"elementor-container elementor-column-gap-extended\">\n\t\t\t\t\t<div class=\"elementor-column elementor-col-100 elementor-top-column elementor-element elementor-element-27cfb64 tm-bg-color-over-image\" data-id=\"27cfb64\" data-element_type=\"column\">\n\t\t\t<div class=\"elementor-widget-wrap elementor-element-populated\">\n\t\t\t\t\t\t<div class=\"elementor-element elementor-element-e6ab6dd elementor-widget elementor-widget-tm-ele-cpt-testimonials\" data-id=\"e6ab6dd\" data-element_type=\"widget\" data-widget_type=\"tm-ele-cpt-testimonials.skin-style-current-theme1\">\n\t\t\t\t<div class=\"elementor-widget-container\">\n\t\t\t\r\n\t<div class=\"tm-sc-testimonials tm-sc-testimonials-grid tm-sc-skin-style-current-theme1 testimonial-has-custom-quote-icon custom-quote-icon-left\">\r\n\t\t\r\n\t\r\n\t\t<!-- Isotope Gallery Grid -->\r\n\t\t<div id=\"testimonials-holder-414796\" class=\"isotope-layout grid-3 gutter-15 clearfix\">\r\n\t\t\t<div class=\"isotope-layout-inner\">\r\n\r\n                <!-- the loop -->\r\n                                                <div class=\"isotope-item\">\r\n                    <div class=\"testimonial-block-one\">\r\n\t<div class=\"inner-box\">\r\n\t\t<div class=\"content-box\">\r\n\t\t\t\t\t\t\t<div class=\"star-rating-wrapper\">\r\n\t\t\t\t\t<div class=\"star-rating\">\r\n\t<span style=\"width: 100%\"><\/span>\r\n<\/div>\t\t\t\t<\/div>\r\n\t\t\t\t\t\t\t\t\t\t<div class=\"author-text\">\r\n\t\t\tDas liegt an ihrem ausgezeichneten Service, den wettbewerbsf\u00e4higen Preisen und der Kundenbetreuung. Es ist sehr erfrischend, eine so pers\u00f6nliche Note zu bekommen. Ich w\u00fcnsche viel Gl\u00fcck und Erfolg\t<\/div>\t\t\t\t\t<\/div>\r\n\t\t<div class=\"thumb\">\r\n\t\t\t<img decoding=\"async\" width=\"150\" height=\"150\" src=\"https:\/\/muso-logistic.eu\/wp-content\/uploads\/2022\/08\/testimonial1.jpg\" class=\"img-fullwidth wp-post-image\" alt=\"\" srcset=\"https:\/\/muso-logistic.eu\/wp-content\/uploads\/2022\/08\/testimonial1.jpg 150w, https:\/\/muso-logistic.eu\/wp-content\/uploads\/2022\/08\/testimonial1-100x100.jpg 100w\" sizes=\"(max-width: 150px) 100vw, 150px\" \/>\t\t<\/div>\r\n\t\t\t\t\t<span class=\"job-position\">Mitbegr\u00fcnder<\/span>\r\n\t\t\t\t\t\t\t<h5 class=\"name\">Jhon D. William<\/h5>\r\n\t\t\t<\/div>\r\n<\/div>                <\/div>\r\n                                                <div class=\"isotope-item\">\r\n                    <div class=\"testimonial-block-one\">\r\n\t<div class=\"inner-box\">\r\n\t\t<div class=\"content-box\">\r\n\t\t\t\t\t\t\t<div class=\"star-rating-wrapper\">\r\n\t\t\t\t\t<div class=\"star-rating\">\r\n\t<span style=\"width: 94%\"><\/span>\r\n<\/div>\t\t\t\t<\/div>\r\n\t\t\t\t\t\t\t\t\t\t<div class=\"author-text\">\r\n\t\t\tDas liegt an ihrem ausgezeichneten Service, den wettbewerbsf\u00e4higen Preisen und der Kundenbetreuung. Es ist sehr erfrischend, eine so pers\u00f6nliche Note zu bekommen. Ich w\u00fcnsche viel Gl\u00fcck und Erfolg\t<\/div>\t\t\t\t\t<\/div>\r\n\t\t<div class=\"thumb\">\r\n\t\t\t<img decoding=\"async\" width=\"150\" height=\"150\" src=\"https:\/\/muso-logistic.eu\/wp-content\/uploads\/2022\/08\/testimonial2.jpg\" class=\"img-fullwidth wp-post-image\" alt=\"\" srcset=\"https:\/\/muso-logistic.eu\/wp-content\/uploads\/2022\/08\/testimonial2.jpg 150w, https:\/\/muso-logistic.eu\/wp-content\/uploads\/2022\/08\/testimonial2-100x100.jpg 100w\" sizes=\"(max-width: 150px) 100vw, 150px\" \/>\t\t<\/div>\r\n\t\t\t\t\t<span class=\"job-position\">Manager<\/span>\r\n\t\t\t\t\t\t\t<h5 class=\"name\">Arina Arow<\/h5>\r\n\t\t\t<\/div>\r\n<\/div>                <\/div>\r\n                                                <div class=\"isotope-item\">\r\n                    <div class=\"testimonial-block-one\">\r\n\t<div class=\"inner-box\">\r\n\t\t<div class=\"content-box\">\r\n\t\t\t\t\t\t\t<div class=\"star-rating-wrapper\">\r\n\t\t\t\t\t<div class=\"star-rating\">\r\n\t<span style=\"width: 96%\"><\/span>\r\n<\/div>\t\t\t\t<\/div>\r\n\t\t\t\t\t\t\t\t\t\t<div class=\"author-text\">\r\n\t\t\tDas liegt an ihrem ausgezeichneten Service, den wettbewerbsf\u00e4higen Preisen und der Kundenbetreuung. Es ist sehr erfrischend, eine so pers\u00f6nliche Note zu bekommen. Ich w\u00fcnsche viel Gl\u00fcck und Erfolg\t<\/div>\t\t\t\t\t<\/div>\r\n\t\t<div class=\"thumb\">\r\n\t\t\t<img decoding=\"async\" width=\"150\" height=\"150\" src=\"https:\/\/muso-logistic.eu\/wp-content\/uploads\/2022\/08\/testimonial3.jpg\" class=\"img-fullwidth wp-post-image\" alt=\"\" srcset=\"https:\/\/muso-logistic.eu\/wp-content\/uploads\/2022\/08\/testimonial3.jpg 150w, https:\/\/muso-logistic.eu\/wp-content\/uploads\/2022\/08\/testimonial3-100x100.jpg 100w\" sizes=\"(max-width: 150px) 100vw, 150px\" \/>\t\t<\/div>\r\n\t\t\t\t\t<span class=\"job-position\">CEO<\/span>\r\n\t\t\t\t\t\t\t<h5 class=\"name\">Mike Hardon<\/h5>\r\n\t\t\t<\/div>\r\n<\/div>                <\/div>\r\n                                <!-- end of the loop -->\r\n\t\t\t<\/div>\r\n\t\t<\/div>\r\n\t\t\t<\/div>\r\n\t\t\r\n\r\n\t\t<\/div>\n\t\t\t\t<\/div>\n\t\t\t\t\t<\/div>\n\t\t<\/div>\n\t\t\t\t\t<\/div>\n\t\t<\/section>\n\t\t\t\t<\/div>","protected":false},"excerpt":{"rendered":"<p>This is due to their excellent service, competitive pricing and customer support. It&#039;s thoroughly refreshing to get such a personal&#8230;<\/p>","protected":false},"author":1,"featured_media":0,"parent":0,"menu_order":0,"comment_status":"closed","ping_status":"closed","template":"","meta":{"_monsterinsights_skip_tracking":false,"_monsterinsights_sitenote_active":false,"_monsterinsights_sitenote_note":"","_monsterinsights_sitenote_category":0,"footnotes":""},"yoast_head":"<!-- This site is optimized with the Yoast SEO plugin v22.8 - https:\/\/yoast.com\/wordpress\/plugins\/seo\/ -->\n<title>Testimonials - MUSO LOGISTIC<\/title>\n<meta name=\"robots\" content=\"index, follow, max-snippet:-1, max-image-preview:large, max-video-preview:-1\" \/>\n<link rel=\"canonical\" href=\"https:\/\/muso-logistic.eu\/de\/testimonials\/\" \/>\n<meta property=\"og:locale\" content=\"de_DE\" \/>\n<meta property=\"og:type\" content=\"article\" \/>\n<meta property=\"og:title\" content=\"Testimonials - MUSO LOGISTIC\" \/>\n<meta property=\"og:description\" content=\"This is due to their excellent service, competitive pricing and customer support. It&#039;s thoroughly refreshing to get such a personal...\" \/>\n<meta property=\"og:url\" content=\"https:\/\/muso-logistic.eu\/de\/testimonials\/\" \/>\n<meta property=\"og:site_name\" content=\"MUSO LOGISTIC\" \/>\n<meta property=\"og:image\" content=\"https:\/\/kodesolution.com\/2022\/tronis\/wp-content\/uploads\/2022\/08\/testimonial1.jpg\" \/>\n<meta name=\"twitter:card\" content=\"summary_large_image\" \/>\n<script type=\"application\/ld+json\" class=\"yoast-schema-graph\">{\"@context\":\"https:\/\/schema.org\",\"@graph\":[{\"@type\":\"WebPage\",\"@id\":\"https:\/\/muso-logistic.eu\/testimonials\/\",\"url\":\"https:\/\/muso-logistic.eu\/testimonials\/\",\"name\":\"Testimonials - MUSO LOGISTIC\",\"isPartOf\":{\"@id\":\"https:\/\/muso-logistic.eu\/#website\"},\"primaryImageOfPage\":{\"@id\":\"https:\/\/muso-logistic.eu\/testimonials\/#primaryimage\"},\"image\":{\"@id\":\"https:\/\/muso-logistic.eu\/testimonials\/#primaryimage\"},\"thumbnailUrl\":\"https:\/\/kodesolution.com\/2022\/tronis\/wp-content\/uploads\/2022\/08\/testimonial1.jpg\",\"datePublished\":\"2021-04-19T07:14:10+00:00\",\"dateModified\":\"2021-04-19T07:14:10+00:00\",\"breadcrumb\":{\"@id\":\"https:\/\/muso-logistic.eu\/testimonials\/#breadcrumb\"},\"inLanguage\":\"de\",\"potentialAction\":[{\"@type\":\"ReadAction\",\"target\":[\"https:\/\/muso-logistic.eu\/testimonials\/\"]}]},{\"@type\":\"ImageObject\",\"inLanguage\":\"de\",\"@id\":\"https:\/\/muso-logistic.eu\/testimonials\/#primaryimage\",\"url\":\"https:\/\/kodesolution.com\/2022\/tronis\/wp-content\/uploads\/2022\/08\/testimonial1.jpg\",\"contentUrl\":\"https:\/\/kodesolution.com\/2022\/tronis\/wp-content\/uploads\/2022\/08\/testimonial1.jpg\"},{\"@type\":\"BreadcrumbList\",\"@id\":\"https:\/\/muso-logistic.eu\/testimonials\/#breadcrumb\",\"itemListElement\":[{\"@type\":\"ListItem\",\"position\":1,\"name\":\"Home\",\"item\":\"https:\/\/muso-logistic.eu\/\"},{\"@type\":\"ListItem\",\"position\":2,\"name\":\"Testimonials\"}]},{\"@type\":\"WebSite\",\"@id\":\"https:\/\/muso-logistic.eu\/#website\",\"url\":\"https:\/\/muso-logistic.eu\/\",\"name\":\"MUSO LOGISTIC\",\"description\":\"International transport &amp; spedition\",\"publisher\":{\"@id\":\"https:\/\/muso-logistic.eu\/#organization\"},\"potentialAction\":[{\"@type\":\"SearchAction\",\"target\":{\"@type\":\"EntryPoint\",\"urlTemplate\":\"https:\/\/muso-logistic.eu\/?s={search_term_string}\"},\"query-input\":\"required name=search_term_string\"}],\"inLanguage\":\"de\"},{\"@type\":\"Organization\",\"@id\":\"https:\/\/muso-logistic.eu\/#organization\",\"name\":\"MUSO LOGISTIC\",\"url\":\"https:\/\/muso-logistic.eu\/\",\"logo\":{\"@type\":\"ImageObject\",\"inLanguage\":\"de\",\"@id\":\"https:\/\/muso-logistic.eu\/#\/schema\/logo\/image\/\",\"url\":\"https:\/\/muso-logistic.eu\/wp-content\/uploads\/2023\/07\/musologo_png_logo_EMBLEM.png\",\"contentUrl\":\"https:\/\/muso-logistic.eu\/wp-content\/uploads\/2023\/07\/musologo_png_logo_EMBLEM.png\",\"width\":2148,\"height\":2117,\"caption\":\"MUSO LOGISTIC\"},\"image\":{\"@id\":\"https:\/\/muso-logistic.eu\/#\/schema\/logo\/image\/\"}}]}<\/script>\n<!-- \/ Yoast SEO plugin. -->","yoast_head_json":{"title":"Testimonials - MUSO LOGISTIC","robots":{"index":"index","follow":"follow","max-snippet":"max-snippet:-1","max-image-preview":"max-image-preview:large","max-video-preview":"max-video-preview:-1"},"canonical":"https:\/\/muso-logistic.eu\/de\/testimonials\/","og_locale":"de_DE","og_type":"article","og_title":"Testimonials - MUSO LOGISTIC","og_description":"This is due to their excellent service, competitive pricing and customer support. It&#039;s thoroughly refreshing to get such a personal...","og_url":"https:\/\/muso-logistic.eu\/de\/testimonials\/","og_site_name":"MUSO LOGISTIC","og_image":[{"url":"https:\/\/kodesolution.com\/2022\/tronis\/wp-content\/uploads\/2022\/08\/testimonial1.jpg"}],"twitter_card":"summary_large_image","schema":{"@context":"https:\/\/schema.org","@graph":[{"@type":"WebPage","@id":"https:\/\/muso-logistic.eu\/testimonials\/","url":"https:\/\/muso-logistic.eu\/testimonials\/","name":"Testimonials - MUSO LOGISTIC","isPartOf":{"@id":"https:\/\/muso-logistic.eu\/#website"},"primaryImageOfPage":{"@id":"https:\/\/muso-logistic.eu\/testimonials\/#primaryimage"},"image":{"@id":"https:\/\/muso-logistic.eu\/testimonials\/#primaryimage"},"thumbnailUrl":"https:\/\/kodesolution.com\/2022\/tronis\/wp-content\/uploads\/2022\/08\/testimonial1.jpg","datePublished":"2021-04-19T07:14:10+00:00","dateModified":"2021-04-19T07:14:10+00:00","breadcrumb":{"@id":"https:\/\/muso-logistic.eu\/testimonials\/#breadcrumb"},"inLanguage":"de","potentialAction":[{"@type":"ReadAction","target":["https:\/\/muso-logistic.eu\/testimonials\/"]}]},{"@type":"ImageObject","inLanguage":"de","@id":"https:\/\/muso-logistic.eu\/testimonials\/#primaryimage","url":"https:\/\/kodesolution.com\/2022\/tronis\/wp-content\/uploads\/2022\/08\/testimonial1.jpg","contentUrl":"https:\/\/kodesolution.com\/2022\/tronis\/wp-content\/uploads\/2022\/08\/testimonial1.jpg"},{"@type":"BreadcrumbList","@id":"https:\/\/muso-logistic.eu\/testimonials\/#breadcrumb","itemListElement":[{"@type":"ListItem","position":1,"name":"Home","item":"https:\/\/muso-logistic.eu\/"},{"@type":"ListItem","position":2,"name":"Testimonials"}]},{"@type":"WebSite","@id":"https:\/\/muso-logistic.eu\/#website","url":"https:\/\/muso-logistic.eu\/","name":"MUSO LOGISTIC","description":"International transport &amp; spedition","publisher":{"@id":"https:\/\/muso-logistic.eu\/#organization"},"potentialAction":[{"@type":"SearchAction","target":{"@type":"EntryPoint","urlTemplate":"https:\/\/muso-logistic.eu\/?s={search_term_string}"},"query-input":"required name=search_term_string"}],"inLanguage":"de"},{"@type":"Organization","@id":"https:\/\/muso-logistic.eu\/#organization","name":"MUSO LOGISTIC","url":"https:\/\/muso-logistic.eu\/","logo":{"@type":"ImageObject","inLanguage":"de","@id":"https:\/\/muso-logistic.eu\/#\/schema\/logo\/image\/","url":"https:\/\/muso-logistic.eu\/wp-content\/uploads\/2023\/07\/musologo_png_logo_EMBLEM.png","contentUrl":"https:\/\/muso-logistic.eu\/wp-content\/uploads\/2023\/07\/musologo_png_logo_EMBLEM.png","width":2148,"height":2117,"caption":"MUSO LOGISTIC"},"image":{"@id":"https:\/\/muso-logistic.eu\/#\/schema\/logo\/image\/"}}]}},"_links":{"self":[{"href":"https:\/\/muso-logistic.eu\/de\/wp-json\/wp\/v2\/pages\/216"}],"collection":[{"href":"https:\/\/muso-logistic.eu\/de\/wp-json\/wp\/v2\/pages"}],"about":[{"href":"https:\/\/muso-logistic.eu\/de\/wp-json\/wp\/v2\/types\/page"}],"author":[{"embeddable":true,"href":"https:\/\/muso-logistic.eu\/de\/wp-json\/wp\/v2\/users\/1"}],"replies":[{"embeddable":true,"href":"https:\/\/muso-logistic.eu\/de\/wp-json\/wp\/v2\/comments?post=216"}],"version-history":[{"count":0,"href":"https:\/\/muso-logistic.eu\/de\/wp-json\/wp\/v2\/pages\/216\/revisions"}],"wp:attachment":[{"href":"https:\/\/muso-logistic.eu\/de\/wp-json\/wp\/v2\/media?parent=216"}],"curies":[{"name":"wp","href":"https:\/\/api.w.org\/{rel}","templated":true}]}}